{"id":45655,"date":"2020-07-01T12:00:32","date_gmt":"2020-07-01T10:00:32","guid":{"rendered":"https:\/\/www.vmx-service.eu\/ueber-uns\/"},"modified":"2025-10-25T16:23:50","modified_gmt":"2025-10-25T14:23:50","slug":"ueber-uns","status":"publish","type":"page","link":"https:\/\/www.vmx-service.eu\/de\/ueber-uns\/","title":{"rendered":"\u00dcber uns"},"content":{"rendered":"<div class=\"wpb-content-wrapper\">[vc_row full_width=&#8220;stretch_row&#8220; content_placement=&#8220;bottom&#8220; remove_bottom_col_margin=&#8220;true&#8220; css=&#8220;.vc_custom_1717582996391{padding-bottom: 40px !important;background-image: url(http:\/\/vmx-service.eu\/wp-content\/uploads\/2024\/06\/VMX-Maico-bg.jpg?id=32157) !important;background-position: center !important;background-repeat: no-repeat !important;background-size: cover !important;}&#8220; min_height=&#8220;40vh&#8220; wpex_bg_overlay_blend=&#8220;multiply&#8220; wpex_bg_position=&#8220;56% 100%&#8220; wpex_bg_overlay=&#8220;color&#8220; wpex_bg_overlay_color=&#8220;#000000&#8243; wpex_bg_overlay_opacity=&#8220;0.2&#8243;][vc_column typography_style=&#8220;white&#8220; css=&#8220;.vc_custom_1717578166759{padding-top: 200px !important;}&#8220; offset=&#8220;vc_col-lg-3\/5 vc_col-md-3\/5 vc_col-xs-12&#8243;]<style>.vcex-heading.vcex_69ef1b5c17a89{color:#ec151e;font-size:23px;font-family:Caprasimo, serif;font-weight:400;}@media (max-width:767px){.vcex-heading.vcex_69ef1b5c17a89{font-size:21px;}}@media (max-width:479px){.vcex-heading.vcex_69ef1b5c17a89{font-size:21px;}}<\/style><div class=\"vcex-heading vcex-heading-plain vcex-module wpex-heading wpex-text-2xl wpex-div vcex_69ef1b5c17a89\"><span class=\"vcex-heading-inner wpex-inline-block\">Willkommen<\/span><\/div><style>.vcex-heading.vcex_69ef1b5c190f9{font-size:60px;}@media (max-width:1024px){.vcex-heading.vcex_69ef1b5c190f9{font-size:56px;}}@media (max-width:959px){.vcex-heading.vcex_69ef1b5c190f9{font-size:50px;}}@media (max-width:767px){.vcex-heading.vcex_69ef1b5c190f9{font-size:42px;}}@media (max-width:479px){.vcex-heading.vcex_69ef1b5c190f9{font-size:40px;}}<\/style><h1 class=\"vcex-heading vcex-heading-plain vcex-module wpex-heading wpex-text-2xl wpex-h1 typography-white-shadow vcex_69ef1b5c190f9\"><span class=\"vcex-heading-inner wpex-inline-block\">VMX-Service<\/span><\/h1>[\/vc_column][\/vc_row][vc_row full_width=&#8220;stretch_row&#8220; content_placement=&#8220;middle&#8220; column_spacing=&#8220;40&#8243; gap=&#8220;35&#8243; equal_height=&#8220;yes&#8220; remove_bottom_col_margin=&#8220;true&#8220; css=&#8220;.vc_custom_1717588007208{padding-top: 8% !important;padding-bottom: 2% !important;}&#8220;][vc_column width=&#8220;1\/2&#8243;]<style>.vcex-heading.vcex_69ef1b5c19c60{font-family:Caprasimo, serif;text-transform:uppercase;}<\/style><h2 class=\"vcex-heading vcex-heading-plain vcex-module wpex-heading wpex-text-2xl wpex-h2 wpex-text-left vcex_69ef1b5c19c60\"><span class=\"vcex-heading-inner wpex-inline-block\">Eine kleine vorstellung:<\/span><\/h2>[vc_column_text align=&#8220;left&#8220; css=&#8220;.vc_custom_1717587503334{padding-bottom: 30px !important;}&#8220; width=&#8220;95%&#8220;]Aktiv im off-road bereich seit ung 1997, etwas sp\u00e4t dran, auf eine Honda XR400 1997. Diese ist dann getauscht worden f\u00fcr ein 2000 Yamaha WR400f. Die WR ist in 2002 verkauft worden und ersetzt von eine 2002 Husaberg FX470e welche Ich bis heute noch in mein besitz habe.<\/p>\n<p>Das erster kontakt im klassik bereich war mit hilfe familie, selber Maico importeure bis so um &#8217;84\/&#8217;85. In mein fall fing es an auf eine 1976 Maico MC400 welche ein saison sp\u00e4ter platz machen m\u00fcsste f\u00fcr eine 1978 MC440.\u00a0 Dieser motor w\u00fcrde dann in ein 1981 fahrgestellt montiert aber es soll dann doch eine &#8222;dicke&#8220;490 drinn.\u00a0 Das hubraum aber nicht alles ist, w\u00fcrde Mir schon bald klar&#8230;[\/vc_column_text][\/vc_column][vc_column width=&#8220;1\/2&#8243; min_height=&#8220;250px&#8220; css=&#8220;.vc_custom_1737052808325{background-image: url(http:\/\/vmx-service.eu\/wp-content\/uploads\/2025\/01\/jeroen-farleigh-groot-scaled.jpg?id=44466) !important;background-position: center !important;background-repeat: no-repeat !important;background-size: cover !important;}&#8220;][\/vc_column][\/vc_row][vc_row full_width=&#8220;stretch_row&#8220; column_spacing=&#8220;40&#8243; gap=&#8220;35&#8243; equal_height=&#8220;yes&#8220; css=&#8220;.vc_custom_1717588640206{padding-top: 2% !important;padding-bottom: 3% !important;}&#8220;][vc_column width=&#8220;1\/2&#8243;][vc_column_text align=&#8220;left&#8220; css=&#8220;.vc_custom_1717587993871{padding-bottom: 30px !important;}&#8220; width=&#8220;95%&#8220;]Es wird gefahren mit ein 400cc membram welche und modifizierte werks 250cc war.<\/p>\n<p>Dies ist das grosste teile der hobby, \u00e4nderen der teile und neue teile an zu fertigen aber auch die neu aufbau von diverse motoren.<\/p>\n<p>Ich hoffe Sie finden was Sie suchen auf die seite. Wenn nicht dann gerne eine nachricht und vielleicht kann Ich Ihnen doch weiterhelfen.[\/vc_column_text][\/vc_column][vc_column width=&#8220;1\/2&#8243; css=&#8220;.vc_custom_1717587858102{background-position: center !important;background-repeat: no-repeat !important;background-size: cover !important;}&#8220;][vc_column_text align=&#8220;left&#8220; css=&#8220;.vc_custom_1761389422536{padding-bottom: 30px !important;}&#8220; width=&#8220;95%&#8220;]In die vergangenheit ofters mal teilgenomen an enduro mit meine 400RV Maico. Trotz slechtes wetter, keine gute physike kondition und fehlende zeit zum vorbereiten, doch viel spass gehabt.<\/p>\n<p>Ich hoffe mehrere klassik enduro fahren zu k\u00f6nnen.[\/vc_column_text][vc_column_text align=&#8220;left&#8220; css=&#8220;&#8220; width=&#8220;95%&#8220; font_family=&#8220;Caprasimo&#8220; font_size=&#8220;d:24|tl:24|tp:21|pl:20|pp:20&#8243;]<strong>Jeroen Wijlens<\/strong>[\/vc_column_text][vc_column_text align=&#8220;left&#8220; css=&#8220;.vc_custom_1717588175570{padding-bottom: 30px !important;}&#8220; width=&#8220;95%&#8220; font_family=&#8220;Inter&#8220; font_size=&#8220;17&#8243; color=&#8220;#e9181b&#8220;]Aktiv in die Twinshock klasse seit 1998..[\/vc_column_text][\/vc_column][\/vc_row][vc_row full_width=&#8220;stretch_row&#8220; gap=&#8220;20&#8243; equal_height=&#8220;yes&#8220; remove_bottom_col_margin=&#8220;true&#8220; css=&#8220;.vc_custom_1718104749285{padding-top: 6% !important;padding-bottom: 6% !important;background-color: #f2f2f2 !important;}&#8220;][vc_column width=&#8220;1\/2&#8243; css=&#8220;.vc_custom_1508036599479{margin-bottom: 0px !important;}&#8220;]<style>.vcex-heading.vcex_69ef1b5c1a79b{color:#ec151e;font-size:16px;font-family:Caprasimo, serif;font-weight:300;text-transform:uppercase;}<\/style><h2 class=\"vcex-heading vcex-heading-plain vcex-module wpex-heading wpex-text-2xl wpex-h2 wpex-text-left vc_custom_1717583954148 vcex_69ef1b5c1a79b\"><span class=\"vcex-heading-inner wpex-inline-block\">Alle gro\u00dfen Marken<\/span><\/h2><style>.vcex-heading.vcex_69ef1b5c1b321{width:470px;text-transform:uppercase;}<\/style><h2 class=\"vcex-heading vcex-heading-plain vcex-module wpex-heading wpex-text-2xl wpex-h2 wpex-text-left wpex-max-w-100 wpex-mr-auto vc_custom_1738613191088 vcex_69ef1b5c1b321\"><span class=\"vcex-heading-inner wpex-inline-block\">Wir liefern unter anderem:<\/span><\/h2><style>.vcex-button.vcex_69ef1b5c1cab7{margin-inline-end:20px;margin-block:10px;border-width:0px;font-size:16px;}<\/style><a href=\"http:\/\/vmx-service.eu\/webshop\/\" class=\"vcex-button theme-button inline vcex_69ef1b5c1cab7\"><span class=\"vcex-button-inner theme-button-inner wpex-flex wpex-flex-wrap wpex-items-center wpex-justify-center\">Zu dem webshop<\/span><\/a> [\/vc_column][vc_column width=&#8220;1\/2&#8243;]<style class=\"vcex-carousel-preload-css\">.vcex_69ef1b5c23e8a{--wpex-carousel-gap:40px;}.vcex_69ef1b5c23e8a{--wpex-carousel-columns:2;}.vcex_69ef1b5c23e8a.wpex-carousel:not(.wpex-carousel--loaded) > *:not(:nth-child(1n+3)){display: flex !important;}@media only screen and (min-width: 480px) {.vcex_69ef1b5c23e8a{--wpex-carousel-columns:2;}.vcex_69ef1b5c23e8a.wpex-carousel:not(.wpex-carousel--loaded) > *:not(:nth-child(1n+3)){display: flex !important;}}@media only screen and (min-width: 768px) {.vcex_69ef1b5c23e8a{--wpex-carousel-columns:3;}.vcex_69ef1b5c23e8a.wpex-carousel:not(.wpex-carousel--loaded) > *:not(:nth-child(1n+4)){display: flex !important;}}@media only screen and (min-width: 960px) {.vcex_69ef1b5c23e8a{--wpex-carousel-columns:3;}.vcex_69ef1b5c23e8a.wpex-carousel:not(.wpex-carousel--loaded) > *:not(:nth-child(1n+4)){display: flex !important;}}<\/style><div class=\"vcex-image-carousel wpex-carousel wpex-carousel-images wpex-clr vcex-module owl-carousel wpex-carousel--render-onload vcex_69ef1b5c23e8a arrwstyle-default arrwpos-default\" data-wpex-carousel=\"{&quot;autoplay&quot;:&quot;true&quot;,&quot;slideBy&quot;:1,&quot;margin&quot;:40,&quot;items&quot;:3,&quot;responsive&quot;:{&quot;0&quot;:{&quot;items&quot;:2},&quot;480&quot;:{&quot;items&quot;:2},&quot;768&quot;:{&quot;items&quot;:3},&quot;960&quot;:{&quot;items&quot;:3}},&quot;smartSpeed&quot;:98,&quot;autoplayTimeout&quot;:2500}\"><div class=\"wpex-carousel-slide\"><figure class=\"wpex-carousel-entry-media entry-media wpex-relative\"><img data-no-lazy=\"1\" class=\"wpex-align-middle skip-lazy\" src=\"https:\/\/www.vmx-service.eu\/wp-content\/uploads\/2024\/05\/maico-100x83.png\" alt=\"\" srcset=\"https:\/\/www.vmx-service.eu\/wp-content\/uploads\/2024\/05\/maico-100x83.png 100w, https:\/\/www.vmx-service.eu\/wp-content\/uploads\/2024\/05\/maico-150x125.png 150w, https:\/\/www.vmx-service.eu\/wp-content\/uploads\/2024\/05\/maico.png 300w\" width=\"100\" height=\"83\"><\/figure><\/div><div class=\"wpex-carousel-slide\"><figure class=\"wpex-carousel-entry-media entry-media wpex-relative\"><img data-no-lazy=\"1\" class=\"wpex-align-middle skip-lazy\" src=\"https:\/\/www.vmx-service.eu\/wp-content\/uploads\/2024\/05\/honda-100x83.png\" alt=\"\" srcset=\"https:\/\/www.vmx-service.eu\/wp-content\/uploads\/2024\/05\/honda-100x83.png 100w, https:\/\/www.vmx-service.eu\/wp-content\/uploads\/2024\/05\/honda-150x125.png 150w, https:\/\/www.vmx-service.eu\/wp-content\/uploads\/2024\/05\/honda.png 300w\" width=\"100\" height=\"83\"><\/figure><\/div><div class=\"wpex-carousel-slide\"><figure class=\"wpex-carousel-entry-media entry-media wpex-relative\"><img data-no-lazy=\"1\" class=\"wpex-align-middle skip-lazy\" src=\"https:\/\/www.vmx-service.eu\/wp-content\/uploads\/2024\/05\/suzuki-100x83.png\" alt=\"\" srcset=\"https:\/\/www.vmx-service.eu\/wp-content\/uploads\/2024\/05\/suzuki-100x83.png 100w, https:\/\/www.vmx-service.eu\/wp-content\/uploads\/2024\/05\/suzuki-150x125.png 150w, https:\/\/www.vmx-service.eu\/wp-content\/uploads\/2024\/05\/suzuki.png 300w\" width=\"100\" height=\"83\"><\/figure><\/div><div class=\"wpex-carousel-slide\"><figure class=\"wpex-carousel-entry-media entry-media wpex-relative\"><img data-no-lazy=\"1\" class=\"wpex-align-middle skip-lazy\" src=\"https:\/\/www.vmx-service.eu\/wp-content\/uploads\/2025\/01\/yamaha-logo-100x75.jpg\" alt=\"\" srcset=\"https:\/\/www.vmx-service.eu\/wp-content\/uploads\/2025\/01\/yamaha-logo-100x75.jpg 100w, https:\/\/www.vmx-service.eu\/wp-content\/uploads\/2025\/01\/yamaha-logo-300x225.jpg 300w, https:\/\/www.vmx-service.eu\/wp-content\/uploads\/2025\/01\/yamaha-logo-1024x768.jpg 1024w, https:\/\/www.vmx-service.eu\/wp-content\/uploads\/2025\/01\/yamaha-logo-768x576.jpg 768w, https:\/\/www.vmx-service.eu\/wp-content\/uploads\/2025\/01\/yamaha-logo-1536x1152.jpg 1536w, https:\/\/www.vmx-service.eu\/wp-content\/uploads\/2025\/01\/yamaha-logo-600x450.jpg 600w, https:\/\/www.vmx-service.eu\/wp-content\/uploads\/2025\/01\/yamaha-logo-160x120.jpg 160w, https:\/\/www.vmx-service.eu\/wp-content\/uploads\/2025\/01\/yamaha-logo.jpg 1600w\" width=\"100\" height=\"75\"><\/figure><\/div><div class=\"wpex-carousel-slide\"><figure class=\"wpex-carousel-entry-media entry-media wpex-relative\"><img data-no-lazy=\"1\" class=\"wpex-align-middle skip-lazy\" src=\"https:\/\/www.vmx-service.eu\/wp-content\/uploads\/2025\/01\/ufo-100x100.webp\" alt=\"\" srcset=\"https:\/\/www.vmx-service.eu\/wp-content\/uploads\/2025\/01\/ufo-100x100.webp 100w, https:\/\/www.vmx-service.eu\/wp-content\/uploads\/2025\/01\/ufo-300x300.webp 300w, https:\/\/www.vmx-service.eu\/wp-content\/uploads\/2025\/01\/ufo-150x150.webp 150w, https:\/\/www.vmx-service.eu\/wp-content\/uploads\/2025\/01\/ufo-400x400.webp 400w, https:\/\/www.vmx-service.eu\/wp-content\/uploads\/2025\/01\/ufo-160x160.webp 160w, https:\/\/www.vmx-service.eu\/wp-content\/uploads\/2025\/01\/ufo.webp 600w\" width=\"100\" height=\"100\"><\/figure><\/div><div class=\"wpex-carousel-slide\"><figure class=\"wpex-carousel-entry-media entry-media wpex-relative\"><img data-no-lazy=\"1\" class=\"wpex-align-middle skip-lazy\" src=\"https:\/\/www.vmx-service.eu\/wp-content\/uploads\/2025\/01\/Kawasaki-logo-medium-100x10.jpg\" alt=\"\" srcset=\"https:\/\/www.vmx-service.eu\/wp-content\/uploads\/2025\/01\/Kawasaki-logo-medium-100x10.jpg 100w, https:\/\/www.vmx-service.eu\/wp-content\/uploads\/2025\/01\/Kawasaki-logo-medium-300x31.jpg 300w, https:\/\/www.vmx-service.eu\/wp-content\/uploads\/2025\/01\/Kawasaki-logo-medium-1024x105.jpg 1024w, https:\/\/www.vmx-service.eu\/wp-content\/uploads\/2025\/01\/Kawasaki-logo-medium-768x79.jpg 768w, https:\/\/www.vmx-service.eu\/wp-content\/uploads\/2025\/01\/Kawasaki-logo-medium-600x62.jpg 600w, https:\/\/www.vmx-service.eu\/wp-content\/uploads\/2025\/01\/Kawasaki-logo-medium.jpg 1500w\" width=\"100\" height=\"10\"><\/figure><\/div><div class=\"wpex-carousel-slide\"><figure class=\"wpex-carousel-entry-media entry-media wpex-relative\"><img data-no-lazy=\"1\" class=\"wpex-align-middle skip-lazy\" src=\"https:\/\/www.vmx-service.eu\/wp-content\/uploads\/2025\/01\/VintCo_Logo-1-100x63.jpg\" alt=\"\" srcset=\"https:\/\/www.vmx-service.eu\/wp-content\/uploads\/2025\/01\/VintCo_Logo-1-100x63.jpg 100w, https:\/\/www.vmx-service.eu\/wp-content\/uploads\/2025\/01\/VintCo_Logo-1-300x190.jpg 300w, https:\/\/www.vmx-service.eu\/wp-content\/uploads\/2025\/01\/VintCo_Logo-1-1024x650.jpg 1024w, https:\/\/www.vmx-service.eu\/wp-content\/uploads\/2025\/01\/VintCo_Logo-1-768x487.jpg 768w, https:\/\/www.vmx-service.eu\/wp-content\/uploads\/2025\/01\/VintCo_Logo-1-600x381.jpg 600w, https:\/\/www.vmx-service.eu\/wp-content\/uploads\/2025\/01\/VintCo_Logo-1.jpg 1182w\" width=\"100\" height=\"63\"><\/figure><\/div><\/div>[\/vc_column][\/vc_row]\n<\/div>","protected":false},"excerpt":{"rendered":"<p>[vc_row full_width=&#8220;stretch_row&#8220; content_placement=&#8220;bottom&#8220; remove_bottom_col_margin=&#8220;true&#8220; css=&#8220;.vc_custom_1717582996391{padding-bottom: 40px !important;background-image: url(http:\/\/vmx-service.eu\/wp-content\/uploads\/2024\/06\/VMX-Maico-bg.jpg?id=32157) !important;background-position: center !important;background-repeat: no-repeat !important;background-size: cover !important;}&#8220; min_height=&#8220;40vh&#8220; wpex_bg_overlay_blend=&#8220;multiply&#8220; wpex_bg_position=&#8220;56% 100%&#8220; wpex_bg_overlay=&#8220;color&#8220; wpex_bg_overlay_color=&#8220;#000000&#8243; wpex_bg_overlay_opacity=&#8220;0.2&#8243;][vc_column typography_style=&#8220;white&#8220; css=&#8220;.vc_custom_1717578166759{padding-top: 200px !important;}&#8220; offset=&#8220;vc_col-lg-3\/5 vc_col-md-3\/5 vc_col-xs-12&#8243;][\/vc_column][\/vc_row][vc_row full_width=&#8220;stretch_row&#8220; content_placement=&#8220;middle&#8220; column_spacing=&#8220;40&#8243; gap=&#8220;35&#8243; equal_height=&#8220;yes&#8220; remove_bottom_col_margin=&#8220;true&#8220; css=&#8220;.vc_custom_1717588007208{padding-top: 8% !important;padding-bottom: 2% !important;}&#8220;][vc_column width=&#8220;1\/2&#8243;][vc_column_text align=&#8220;left&#8220; css=&#8220;.vc_custom_1717587503334{padding-bottom: 30px !important;}&#8220; width=&#8220;95%&#8220;]Aktiv im off-road bereich seit ung 1997, etwas sp\u00e4t dran,&hellip;<\/p>\n","protected":false},"author":4,"featured_media":0,"parent":0,"menu_order":0,"comment_status":"closed","ping_status":"closed","template":"","meta":{"footnotes":""},"class_list":["post-45655","page","type-page","status-publish","hentry","entry","no-media"],"yoast_head":"<!-- This site is optimized with the Yoast SEO plugin v27.0 - https:\/\/yoast.com\/product\/yoast-seo-wordpress\/ -->\n<title>\u00dcber uns - VMX Service<\/title>\n<meta name=\"robots\" content=\"index, follow, max-snippet:-1, max-image-preview:large, max-video-preview:-1\" \/>\n<link rel=\"canonical\" href=\"https:\/\/www.vmx-service.eu\/over-ons\/\" \/>\n<meta property=\"og:locale\" content=\"de_DE\" \/>\n<meta property=\"og:type\" content=\"article\" \/>\n<meta property=\"og:title\" content=\"\u00dcber uns - VMX Service\" \/>\n<meta property=\"og:description\" content=\"[vc_row full_width=&#8220;stretch_row&#8220; content_placement=&#8220;bottom&#8220; remove_bottom_col_margin=&#8220;true&#8220; css=&#8220;.vc_custom_1717582996391{padding-bottom: 40px !important;background-image: url(http:\/\/vmx-service.eu\/wp-content\/uploads\/2024\/06\/VMX-Maico-bg.jpg?id=32157) !important;background-position: center !important;background-repeat: no-repeat !important;background-size: cover !important;}&#8220; min_height=&#8220;40vh&#8220; wpex_bg_overlay_blend=&#8220;multiply&#8220; wpex_bg_position=&#8220;56% 100%&#8220; wpex_bg_overlay=&#8220;color&#8220; wpex_bg_overlay_color=&#8220;#000000&#8243; wpex_bg_overlay_opacity=&#8220;0.2&#8243;][vc_column typography_style=&#8220;white&#8220; css=&#8220;.vc_custom_1717578166759{padding-top: 200px !important;}&#8220; offset=&#8220;vc_col-lg-3\/5 vc_col-md-3\/5 vc_col-xs-12&#8243;][\/vc_column][\/vc_row][vc_row full_width=&#8220;stretch_row&#8220; content_placement=&#8220;middle&#8220; column_spacing=&#8220;40&#8243; gap=&#8220;35&#8243; equal_height=&#8220;yes&#8220; remove_bottom_col_margin=&#8220;true&#8220; css=&#8220;.vc_custom_1717588007208{padding-top: 8% !important;padding-bottom: 2% !important;}&#8220;][vc_column width=&#8220;1\/2&#8243;][vc_column_text align=&#8220;left&#8220; css=&#8220;.vc_custom_1717587503334{padding-bottom: 30px !important;}&#8220; width=&#8220;95%&#8220;]Aktiv im off-road bereich seit ung 1997, etwas sp\u00e4t dran,&hellip;\" \/>\n<meta property=\"og:url\" content=\"https:\/\/www.vmx-service.eu\/over-ons\/\" \/>\n<meta property=\"og:site_name\" content=\"VMX Service\" \/>\n<meta property=\"article:modified_time\" content=\"2025-10-25T14:23:50+00:00\" \/>\n<meta name=\"twitter:card\" content=\"summary_large_image\" \/>\n<meta name=\"twitter:label1\" content=\"Gesch\u00e4tzte Lesezeit\" \/>\n\t<meta name=\"twitter:data1\" content=\"4\u00a0Minuten\" \/>\n<script type=\"application\/ld+json\" class=\"yoast-schema-graph\">{\"@context\":\"https:\/\/schema.org\",\"@graph\":[{\"@type\":\"WebPage\",\"@id\":\"https:\/\/www.vmx-service.eu\/over-ons\/\",\"url\":\"https:\/\/www.vmx-service.eu\/over-ons\/\",\"name\":\"\u00dcber uns - VMX Service\",\"isPartOf\":{\"@id\":\"https:\/\/www.vmx-service.eu\/#website\"},\"datePublished\":\"2020-07-01T10:00:32+00:00\",\"dateModified\":\"2025-10-25T14:23:50+00:00\",\"breadcrumb\":{\"@id\":\"https:\/\/www.vmx-service.eu\/over-ons\/#breadcrumb\"},\"inLanguage\":\"de\",\"potentialAction\":[{\"@type\":\"ReadAction\",\"target\":[\"https:\/\/www.vmx-service.eu\/over-ons\/\"]}]},{\"@type\":\"BreadcrumbList\",\"@id\":\"https:\/\/www.vmx-service.eu\/over-ons\/#breadcrumb\",\"itemListElement\":[{\"@type\":\"ListItem\",\"position\":1,\"name\":\"Home\",\"item\":\"https:\/\/www.vmx-service.eu\/\"},{\"@type\":\"ListItem\",\"position\":2,\"name\":\"\u00dcber uns\"}]},{\"@type\":\"WebSite\",\"@id\":\"https:\/\/www.vmx-service.eu\/#website\",\"url\":\"https:\/\/www.vmx-service.eu\/\",\"name\":\"VMX Service\",\"description\":\"Vintage MX Parts\",\"publisher\":{\"@id\":\"https:\/\/www.vmx-service.eu\/#organization\"},\"potentialAction\":[{\"@type\":\"SearchAction\",\"target\":{\"@type\":\"EntryPoint\",\"urlTemplate\":\"https:\/\/www.vmx-service.eu\/?s={search_term_string}\"},\"query-input\":{\"@type\":\"PropertyValueSpecification\",\"valueRequired\":true,\"valueName\":\"search_term_string\"}}],\"inLanguage\":\"de\"},{\"@type\":\"Organization\",\"@id\":\"https:\/\/www.vmx-service.eu\/#organization\",\"name\":\"VMX Service\",\"url\":\"https:\/\/www.vmx-service.eu\/\",\"logo\":{\"@type\":\"ImageObject\",\"inLanguage\":\"de\",\"@id\":\"https:\/\/www.vmx-service.eu\/#\/schema\/logo\/image\/\",\"url\":\"https:\/\/www.vmx-service.eu\/wp-content\/uploads\/2025\/01\/VMX-logo.png\",\"contentUrl\":\"https:\/\/www.vmx-service.eu\/wp-content\/uploads\/2025\/01\/VMX-logo.png\",\"width\":278,\"height\":172,\"caption\":\"VMX Service\"},\"image\":{\"@id\":\"https:\/\/www.vmx-service.eu\/#\/schema\/logo\/image\/\"}}]}<\/script>\n<!-- \/ Yoast SEO plugin. -->","yoast_head_json":{"title":"\u00dcber uns - VMX Service","robots":{"index":"index","follow":"follow","max-snippet":"max-snippet:-1","max-image-preview":"max-image-preview:large","max-video-preview":"max-video-preview:-1"},"canonical":"https:\/\/www.vmx-service.eu\/over-ons\/","og_locale":"de_DE","og_type":"article","og_title":"\u00dcber uns - VMX Service","og_description":"[vc_row full_width=&#8220;stretch_row&#8220; content_placement=&#8220;bottom&#8220; remove_bottom_col_margin=&#8220;true&#8220; css=&#8220;.vc_custom_1717582996391{padding-bottom: 40px !important;background-image: url(http:\/\/vmx-service.eu\/wp-content\/uploads\/2024\/06\/VMX-Maico-bg.jpg?id=32157) !important;background-position: center !important;background-repeat: no-repeat !important;background-size: cover !important;}&#8220; min_height=&#8220;40vh&#8220; wpex_bg_overlay_blend=&#8220;multiply&#8220; wpex_bg_position=&#8220;56% 100%&#8220; wpex_bg_overlay=&#8220;color&#8220; wpex_bg_overlay_color=&#8220;#000000&#8243; wpex_bg_overlay_opacity=&#8220;0.2&#8243;][vc_column typography_style=&#8220;white&#8220; css=&#8220;.vc_custom_1717578166759{padding-top: 200px !important;}&#8220; offset=&#8220;vc_col-lg-3\/5 vc_col-md-3\/5 vc_col-xs-12&#8243;][\/vc_column][\/vc_row][vc_row full_width=&#8220;stretch_row&#8220; content_placement=&#8220;middle&#8220; column_spacing=&#8220;40&#8243; gap=&#8220;35&#8243; equal_height=&#8220;yes&#8220; remove_bottom_col_margin=&#8220;true&#8220; css=&#8220;.vc_custom_1717588007208{padding-top: 8% !important;padding-bottom: 2% !important;}&#8220;][vc_column width=&#8220;1\/2&#8243;][vc_column_text align=&#8220;left&#8220; css=&#8220;.vc_custom_1717587503334{padding-bottom: 30px !important;}&#8220; width=&#8220;95%&#8220;]Aktiv im off-road bereich seit ung 1997, etwas sp\u00e4t dran,&hellip;","og_url":"https:\/\/www.vmx-service.eu\/over-ons\/","og_site_name":"VMX Service","article_modified_time":"2025-10-25T14:23:50+00:00","twitter_card":"summary_large_image","twitter_misc":{"Gesch\u00e4tzte Lesezeit":"4\u00a0Minuten"},"schema":{"@context":"https:\/\/schema.org","@graph":[{"@type":"WebPage","@id":"https:\/\/www.vmx-service.eu\/over-ons\/","url":"https:\/\/www.vmx-service.eu\/over-ons\/","name":"\u00dcber uns - VMX Service","isPartOf":{"@id":"https:\/\/www.vmx-service.eu\/#website"},"datePublished":"2020-07-01T10:00:32+00:00","dateModified":"2025-10-25T14:23:50+00:00","breadcrumb":{"@id":"https:\/\/www.vmx-service.eu\/over-ons\/#breadcrumb"},"inLanguage":"de","potentialAction":[{"@type":"ReadAction","target":["https:\/\/www.vmx-service.eu\/over-ons\/"]}]},{"@type":"BreadcrumbList","@id":"https:\/\/www.vmx-service.eu\/over-ons\/#breadcrumb","itemListElement":[{"@type":"ListItem","position":1,"name":"Home","item":"https:\/\/www.vmx-service.eu\/"},{"@type":"ListItem","position":2,"name":"\u00dcber uns"}]},{"@type":"WebSite","@id":"https:\/\/www.vmx-service.eu\/#website","url":"https:\/\/www.vmx-service.eu\/","name":"VMX Service","description":"Vintage MX Parts","publisher":{"@id":"https:\/\/www.vmx-service.eu\/#organization"},"potentialAction":[{"@type":"SearchAction","target":{"@type":"EntryPoint","urlTemplate":"https:\/\/www.vmx-service.eu\/?s={search_term_string}"},"query-input":{"@type":"PropertyValueSpecification","valueRequired":true,"valueName":"search_term_string"}}],"inLanguage":"de"},{"@type":"Organization","@id":"https:\/\/www.vmx-service.eu\/#organization","name":"VMX Service","url":"https:\/\/www.vmx-service.eu\/","logo":{"@type":"ImageObject","inLanguage":"de","@id":"https:\/\/www.vmx-service.eu\/#\/schema\/logo\/image\/","url":"https:\/\/www.vmx-service.eu\/wp-content\/uploads\/2025\/01\/VMX-logo.png","contentUrl":"https:\/\/www.vmx-service.eu\/wp-content\/uploads\/2025\/01\/VMX-logo.png","width":278,"height":172,"caption":"VMX Service"},"image":{"@id":"https:\/\/www.vmx-service.eu\/#\/schema\/logo\/image\/"}}]}},"_links":{"self":[{"href":"https:\/\/www.vmx-service.eu\/de\/wp-json\/wp\/v2\/pages\/45655","targetHints":{"allow":["GET"]}}],"collection":[{"href":"https:\/\/www.vmx-service.eu\/de\/wp-json\/wp\/v2\/pages"}],"about":[{"href":"https:\/\/www.vmx-service.eu\/de\/wp-json\/wp\/v2\/types\/page"}],"author":[{"embeddable":true,"href":"https:\/\/www.vmx-service.eu\/de\/wp-json\/wp\/v2\/users\/4"}],"replies":[{"embeddable":true,"href":"https:\/\/www.vmx-service.eu\/de\/wp-json\/wp\/v2\/comments?post=45655"}],"version-history":[{"count":7,"href":"https:\/\/www.vmx-service.eu\/de\/wp-json\/wp\/v2\/pages\/45655\/revisions"}],"predecessor-version":[{"id":56772,"href":"https:\/\/www.vmx-service.eu\/de\/wp-json\/wp\/v2\/pages\/45655\/revisions\/56772"}],"wp:attachment":[{"href":"https:\/\/www.vmx-service.eu\/de\/wp-json\/wp\/v2\/media?parent=45655"}],"curies":[{"name":"wp","href":"https:\/\/api.w.org\/{rel}","templated":true}]}}