{"id":53468,"date":"2024-05-31T14:30:30","date_gmt":"2024-05-31T12:30:30","guid":{"rendered":"https:\/\/www.vmx-service.eu\/product\/wd40-multi-use-400ml\/"},"modified":"2024-05-31T14:30:30","modified_gmt":"2024-05-31T12:30:30","slug":"wd40-multi-use-400ml","status":"publish","type":"product","link":"https:\/\/www.vmx-service.eu\/de\/produkt\/wd40-multi-use-400ml\/","title":{"rendered":"WD40 Multi Use 400ml"},"content":{"rendered":"<p>WD-40 Multi-Use Product sch\u00fctz metal gegen rost und korrosion, dringt ein bei festsitzende teile, dr\u00e4ngt feucht raus und schmiert so gut wie alles.<\/p>\n<p>It l\u00f6scht auch fett, schm\u00fctz und mehr von diverse oberfl\u00e4chen<\/p>\n","protected":false},"excerpt":{"rendered":"<p>WD-40 Multi-Use Product sch\u00fctz metal gegen rost und korrosion, dringt ein bei festsitzende teile, dr\u00e4ngt feucht raus und schmiert so gut wie alles. It l\u00f6scht auch fett, schm\u00fctz und mehr von diverse oberfl\u00e4chen<\/p>\n","protected":false},"featured_media":38875,"template":"","meta":[],"product_brand":[],"product_cat":[2186],"product_tag":[],"class_list":{"0":"post-53468","1":"product","2":"type-product","3":"status-publish","4":"has-post-thumbnail","6":"product_cat-schmiermittel-ole","7":"entry","8":"has-media","10":"first","11":"instock","12":"taxable","13":"shipping-taxable","14":"purchasable","15":"product-type-simple"},"yoast_head":"<!-- This site is optimized with the Yoast SEO plugin v27.0 - https:\/\/yoast.com\/product\/yoast-seo-wordpress\/ -->\n<title>WD40 Multi Use 400ml - VMX Service<\/title>\n<meta name=\"robots\" content=\"index, follow, max-snippet:-1, max-image-preview:large, max-video-preview:-1\" \/>\n<link rel=\"canonical\" href=\"https:\/\/www.vmx-service.eu\/de\/produkt\/wd40-multi-use-400ml\/\" \/>\n<meta property=\"og:locale\" content=\"de_DE\" \/>\n<meta property=\"og:type\" content=\"article\" \/>\n<meta property=\"og:title\" content=\"WD40 Multi Use 400ml - VMX Service\" \/>\n<meta property=\"og:description\" content=\"WD-40 Multi-Use Product sch\u00fctz metal gegen rost und korrosion, dringt ein bei festsitzende teile, dr\u00e4ngt feucht raus und schmiert so gut wie alles. It l\u00f6scht auch fett, schm\u00fctz und mehr von diverse oberfl\u00e4chen\" \/>\n<meta property=\"og:url\" content=\"https:\/\/www.vmx-service.eu\/de\/produkt\/wd40-multi-use-400ml\/\" \/>\n<meta property=\"og:site_name\" content=\"VMX Service\" \/>\n<meta property=\"og:image\" content=\"https:\/\/www.vmx-service.eu\/wp-content\/uploads\/2024\/05\/wd40-multi-use-450ml-.jpg\" \/>\n\t<meta property=\"og:image:width\" content=\"264\" \/>\n\t<meta property=\"og:image:height\" content=\"264\" \/>\n\t<meta property=\"og:image:type\" content=\"image\/jpeg\" \/>\n<meta name=\"twitter:card\" content=\"summary_large_image\" \/>\n<script type=\"application\/ld+json\" class=\"yoast-schema-graph\">{\"@context\":\"https:\/\/schema.org\",\"@graph\":[{\"@type\":\"WebPage\",\"@id\":\"https:\/\/www.vmx-service.eu\/de\/produkt\/wd40-multi-use-400ml\/\",\"url\":\"https:\/\/www.vmx-service.eu\/de\/produkt\/wd40-multi-use-400ml\/\",\"name\":\"WD40 Multi Use 400ml - VMX Service\",\"isPartOf\":{\"@id\":\"https:\/\/www.vmx-service.eu\/#website\"},\"primaryImageOfPage\":{\"@id\":\"https:\/\/www.vmx-service.eu\/de\/produkt\/wd40-multi-use-400ml\/#primaryimage\"},\"image\":{\"@id\":\"https:\/\/www.vmx-service.eu\/de\/produkt\/wd40-multi-use-400ml\/#primaryimage\"},\"thumbnailUrl\":\"https:\/\/www.vmx-service.eu\/wp-content\/uploads\/2024\/05\/wd40-multi-use-450ml-.jpg\",\"datePublished\":\"2024-05-31T12:30:30+00:00\",\"breadcrumb\":{\"@id\":\"https:\/\/www.vmx-service.eu\/de\/produkt\/wd40-multi-use-400ml\/#breadcrumb\"},\"inLanguage\":\"de\",\"potentialAction\":[{\"@type\":\"ReadAction\",\"target\":[\"https:\/\/www.vmx-service.eu\/de\/produkt\/wd40-multi-use-400ml\/\"]}]},{\"@type\":\"ImageObject\",\"inLanguage\":\"de\",\"@id\":\"https:\/\/www.vmx-service.eu\/de\/produkt\/wd40-multi-use-400ml\/#primaryimage\",\"url\":\"https:\/\/www.vmx-service.eu\/wp-content\/uploads\/2024\/05\/wd40-multi-use-450ml-.jpg\",\"contentUrl\":\"https:\/\/www.vmx-service.eu\/wp-content\/uploads\/2024\/05\/wd40-multi-use-450ml-.jpg\",\"width\":264,\"height\":264},{\"@type\":\"BreadcrumbList\",\"@id\":\"https:\/\/www.vmx-service.eu\/de\/produkt\/wd40-multi-use-400ml\/#breadcrumb\",\"itemListElement\":[{\"@type\":\"ListItem\",\"position\":1,\"name\":\"Home\",\"item\":\"https:\/\/www.vmx-service.eu\/\"},{\"@type\":\"ListItem\",\"position\":2,\"name\":\"Shop\",\"item\":\"https:\/\/www.vmx-service.eu\/de\/shop\/\"},{\"@type\":\"ListItem\",\"position\":3,\"name\":\"WD40 Multi Use 400ml\"}]},{\"@type\":\"WebSite\",\"@id\":\"https:\/\/www.vmx-service.eu\/#website\",\"url\":\"https:\/\/www.vmx-service.eu\/\",\"name\":\"VMX Service\",\"description\":\"Vintage MX Parts\",\"publisher\":{\"@id\":\"https:\/\/www.vmx-service.eu\/#organization\"},\"potentialAction\":[{\"@type\":\"SearchAction\",\"target\":{\"@type\":\"EntryPoint\",\"urlTemplate\":\"https:\/\/www.vmx-service.eu\/?s={search_term_string}\"},\"query-input\":{\"@type\":\"PropertyValueSpecification\",\"valueRequired\":true,\"valueName\":\"search_term_string\"}}],\"inLanguage\":\"de\"},{\"@type\":\"Organization\",\"@id\":\"https:\/\/www.vmx-service.eu\/#organization\",\"name\":\"VMX Service\",\"url\":\"https:\/\/www.vmx-service.eu\/\",\"logo\":{\"@type\":\"ImageObject\",\"inLanguage\":\"de\",\"@id\":\"https:\/\/www.vmx-service.eu\/#\/schema\/logo\/image\/\",\"url\":\"https:\/\/www.vmx-service.eu\/wp-content\/uploads\/2025\/01\/VMX-logo.png\",\"contentUrl\":\"https:\/\/www.vmx-service.eu\/wp-content\/uploads\/2025\/01\/VMX-logo.png\",\"width\":278,\"height\":172,\"caption\":\"VMX Service\"},\"image\":{\"@id\":\"https:\/\/www.vmx-service.eu\/#\/schema\/logo\/image\/\"}}]}<\/script>\n<!-- \/ Yoast SEO plugin. -->","yoast_head_json":{"title":"WD40 Multi Use 400ml - VMX Service","robots":{"index":"index","follow":"follow","max-snippet":"max-snippet:-1","max-image-preview":"max-image-preview:large","max-video-preview":"max-video-preview:-1"},"canonical":"https:\/\/www.vmx-service.eu\/de\/produkt\/wd40-multi-use-400ml\/","og_locale":"de_DE","og_type":"article","og_title":"WD40 Multi Use 400ml - VMX Service","og_description":"WD-40 Multi-Use Product sch\u00fctz metal gegen rost und korrosion, dringt ein bei festsitzende teile, dr\u00e4ngt feucht raus und schmiert so gut wie alles. It l\u00f6scht auch fett, schm\u00fctz und mehr von diverse oberfl\u00e4chen","og_url":"https:\/\/www.vmx-service.eu\/de\/produkt\/wd40-multi-use-400ml\/","og_site_name":"VMX Service","og_image":[{"width":264,"height":264,"url":"https:\/\/www.vmx-service.eu\/wp-content\/uploads\/2024\/05\/wd40-multi-use-450ml-.jpg","type":"image\/jpeg"}],"twitter_card":"summary_large_image","schema":{"@context":"https:\/\/schema.org","@graph":[{"@type":"WebPage","@id":"https:\/\/www.vmx-service.eu\/de\/produkt\/wd40-multi-use-400ml\/","url":"https:\/\/www.vmx-service.eu\/de\/produkt\/wd40-multi-use-400ml\/","name":"WD40 Multi Use 400ml - VMX Service","isPartOf":{"@id":"https:\/\/www.vmx-service.eu\/#website"},"primaryImageOfPage":{"@id":"https:\/\/www.vmx-service.eu\/de\/produkt\/wd40-multi-use-400ml\/#primaryimage"},"image":{"@id":"https:\/\/www.vmx-service.eu\/de\/produkt\/wd40-multi-use-400ml\/#primaryimage"},"thumbnailUrl":"https:\/\/www.vmx-service.eu\/wp-content\/uploads\/2024\/05\/wd40-multi-use-450ml-.jpg","datePublished":"2024-05-31T12:30:30+00:00","breadcrumb":{"@id":"https:\/\/www.vmx-service.eu\/de\/produkt\/wd40-multi-use-400ml\/#breadcrumb"},"inLanguage":"de","potentialAction":[{"@type":"ReadAction","target":["https:\/\/www.vmx-service.eu\/de\/produkt\/wd40-multi-use-400ml\/"]}]},{"@type":"ImageObject","inLanguage":"de","@id":"https:\/\/www.vmx-service.eu\/de\/produkt\/wd40-multi-use-400ml\/#primaryimage","url":"https:\/\/www.vmx-service.eu\/wp-content\/uploads\/2024\/05\/wd40-multi-use-450ml-.jpg","contentUrl":"https:\/\/www.vmx-service.eu\/wp-content\/uploads\/2024\/05\/wd40-multi-use-450ml-.jpg","width":264,"height":264},{"@type":"BreadcrumbList","@id":"https:\/\/www.vmx-service.eu\/de\/produkt\/wd40-multi-use-400ml\/#breadcrumb","itemListElement":[{"@type":"ListItem","position":1,"name":"Home","item":"https:\/\/www.vmx-service.eu\/"},{"@type":"ListItem","position":2,"name":"Shop","item":"https:\/\/www.vmx-service.eu\/de\/shop\/"},{"@type":"ListItem","position":3,"name":"WD40 Multi Use 400ml"}]},{"@type":"WebSite","@id":"https:\/\/www.vmx-service.eu\/#website","url":"https:\/\/www.vmx-service.eu\/","name":"VMX Service","description":"Vintage MX Parts","publisher":{"@id":"https:\/\/www.vmx-service.eu\/#organization"},"potentialAction":[{"@type":"SearchAction","target":{"@type":"EntryPoint","urlTemplate":"https:\/\/www.vmx-service.eu\/?s={search_term_string}"},"query-input":{"@type":"PropertyValueSpecification","valueRequired":true,"valueName":"search_term_string"}}],"inLanguage":"de"},{"@type":"Organization","@id":"https:\/\/www.vmx-service.eu\/#organization","name":"VMX Service","url":"https:\/\/www.vmx-service.eu\/","logo":{"@type":"ImageObject","inLanguage":"de","@id":"https:\/\/www.vmx-service.eu\/#\/schema\/logo\/image\/","url":"https:\/\/www.vmx-service.eu\/wp-content\/uploads\/2025\/01\/VMX-logo.png","contentUrl":"https:\/\/www.vmx-service.eu\/wp-content\/uploads\/2025\/01\/VMX-logo.png","width":278,"height":172,"caption":"VMX Service"},"image":{"@id":"https:\/\/www.vmx-service.eu\/#\/schema\/logo\/image\/"}}]}},"_links":{"self":[{"href":"https:\/\/www.vmx-service.eu\/de\/wp-json\/wp\/v2\/product\/53468","targetHints":{"allow":["GET"]}}],"collection":[{"href":"https:\/\/www.vmx-service.eu\/de\/wp-json\/wp\/v2\/product"}],"about":[{"href":"https:\/\/www.vmx-service.eu\/de\/wp-json\/wp\/v2\/types\/product"}],"wp:featuredmedia":[{"embeddable":true,"href":"https:\/\/www.vmx-service.eu\/de\/wp-json\/wp\/v2\/media\/38875"}],"wp:attachment":[{"href":"https:\/\/www.vmx-service.eu\/de\/wp-json\/wp\/v2\/media?parent=53468"}],"wp:term":[{"taxonomy":"product_brand","embeddable":true,"href":"https:\/\/www.vmx-service.eu\/de\/wp-json\/wp\/v2\/product_brand?post=53468"},{"taxonomy":"product_cat","embeddable":true,"href":"https:\/\/www.vmx-service.eu\/de\/wp-json\/wp\/v2\/product_cat?post=53468"},{"taxonomy":"product_tag","embeddable":true,"href":"https:\/\/www.vmx-service.eu\/de\/wp-json\/wp\/v2\/product_tag?post=53468"}],"curies":[{"name":"wp","href":"https:\/\/api.w.org\/{rel}","templated":true}]}}